{"id":7959,"date":"2016-10-28T14:41:49","date_gmt":"2016-10-28T14:41:49","guid":{"rendered":"https:\/\/thecsanya.hu\/ez-vagyok-en\/"},"modified":"2019-03-26T21:06:25","modified_gmt":"2019-03-26T21:06:25","slug":"about","status":"publish","type":"page","link":"https:\/\/thecsanya.hu\/en\/about\/","title":{"rendered":"About me"},"content":{"rendered":"<div class=\"wpb-content-wrapper\"><p>[vc_row][vc_column][vc_empty_space height=&#8221;40px&#8221;]\n<div class=\"edgtf-section-title edgtf-section-align-center\" >\n\tCSANYA\t<\/div>\n<span class=\"edgtf-section-subtitle \" style=\"text-align:center\">\n\t\tTRAIL RUNNER &amp; RACE DIRECTOR\t<\/span><div class=\"edgtf-separator-holder clearfix  edgtf-separator-center\">\n\t<div class=\"edgtf-separator\" style=\"border-color: #0079ea;margin-bottom: 0px\"><\/div>\n<\/div>\n[\/vc_column][\/vc_row][vc_row content_width=&#8221;grid&#8221; css=&#8221;.vc_custom_1478771657031{padding-top: 141px !important;padding-bottom: 90px !important;}&#8221;][vc_column offset=&#8221;vc_col-lg-6 vc_col-md-6&#8243;][vc_column_text]I\u2019m Csanya, a trail runner and full time race organizer in Hungary.<\/p>\n<p>I simply love running. I adore being alone in the forest, run on the known and unknown paths. Following the footprints of deers and rabbits in winter. Searching for the shady single tracks in summer. Getting lost in the fog in autumn. Breathing the scent of the awaking forest in spring.<\/p>\n<p>Trail running clears my mind and recharges me. If I didn&#8217;t run, I would become a hysterical child whose favorite toy was taken away.<\/p>\n<p>I have been part of the community since the birth Hungarian trail running.<br \/>\nI organized my\u00a0first race, \u201cV\u00e9rtes Terep Maraton,\u201d in 2007; we had only 43 participants back then. In 2019\u00a0there were more than 900 runners participating at the same event, on 4 distances.\u00a0I have organized more than 60 races since 2007. My biggest race is Salomon Ultra-Trail\u00ae\u00a0Hungary. With building up this event step by step on the foundations of my previous 100k\u00a0trail event, \u201cTerep 100\u201d (\u2018Trail 100,\u2019 which used to be the first well-known ultra trail in\u00a0Hungary), I managed to establish the first truly international trail race of the country. With\u00a0the 5th edition this year, already on 4 distances from 30k up to 115k, the race has become<br \/>\nan UTWT Discovery Race.<\/p>\n<p>When I started to run? 1992.<br \/>\nWhen I started to organize races? 2007.<br \/>\nWhere I race where I run? M\u00e1tra, B\u00fckk, Corfu, V\u00e9rtes, Madeira, Alps, Dolomites<br \/>\nWhy I run? Because running is great. Running is cool. I have to run.[\/vc_column_text][vc_empty_space height=&#8221;40px&#8221;][\/vc_column][vc_column offset=&#8221;vc_col-lg-6 vc_col-md-6&#8243;][vc_single_image image=&#8221;7803&#8243; img_size=&#8221;large&#8221; alignment=&#8221;center&#8221;][vc_empty_space height=&#8221;40px&#8221;][\/vc_column][\/vc_row][vc_row][vc_column][vc_empty_space height=&#8221;40px&#8221;]<div class=\"edgtf-call-to-action edgtf-cta-simple\" style=\"background-color: #0079ea;padding: 40px 0 40px 0;\">\n\t\t\t<a class=\"edgtf-call-to-action-link\" href=\"https:\/\/thecsanya.hu\/en\/blog\/\" target=_self><\/a>\n\t\t<div class=\"edgtf-call-to-action-table\">\n\t\t\t\t\t<span class=\"edgtf-call-to-action-text edgtf-call-to-action-cell\" style=\"font-size: 16px\">\n\t\t\t\tGO TO THE BLOG\t\t\t<\/span>\n\t\t\t\t\t\t\t<span class=\"edgtf-call-to-action-icon edgtf-call-to-action-cell\">\n\t\t\t\t<span aria-hidden=\"true\" class=\"edgtf-icon-font-elegant arrow_right \" style=\"font-size: 20px\" ><\/span>\t\t\t<\/span>\n\t\t\t<\/div>\n<\/div>[\/vc_column][\/vc_row]<\/p>\n<\/div>","protected":false},"excerpt":{"rendered":"<p>[vc_row][vc_column][vc_empty_space height=&#8221;40px&#8221;][\/vc_column][\/vc_row][vc_row content_width=&#8221;grid&#8221; css=&#8221;.vc_custom_1478771657031{padding-top: 141px !important;padding-bottom: 90px !important;}&#8221;][vc_column offset=&#8221;vc_col-lg-6 vc_col-md-6&#8243;][vc_column_text]I\u2019m Csanya, a trail runner and full time race organizer in Hungary. I simply love running. I adore being alone in the forest, run on the known and unknown paths. Following the footprints of deers and&#8230;<\/p>\n","protected":false},"author":1,"featured_media":7961,"parent":0,"menu_order":0,"comment_status":"closed","ping_status":"closed","template":"full-width.php","meta":{"footnotes":""},"class_list":["post-7959","page","type-page","status-publish","has-post-thumbnail","hentry"],"yoast_head":"<!-- This site is optimized with the Yoast SEO plugin v27.4 - https:\/\/yoast.com\/product\/yoast-seo-wordpress\/ -->\n<title>About me - TheCsanya<\/title>\n<meta name=\"robots\" content=\"index, follow, max-snippet:-1, max-image-preview:large, max-video-preview:-1\" \/>\n<link rel=\"canonical\" href=\"https:\/\/thecsanya.hu\/en\/about\/\" \/>\n<meta property=\"og:locale\" content=\"en_US\" \/>\n<meta property=\"og:type\" content=\"article\" \/>\n<meta property=\"og:title\" content=\"About me - TheCsanya\" \/>\n<meta property=\"og:description\" content=\"[vc_row][vc_column][vc_empty_space height=&#8221;40px&#8221;][\/vc_column][\/vc_row][vc_row content_width=&#8221;grid&#8221; css=&#8221;.vc_custom_1478771657031{padding-top: 141px !important;padding-bottom: 90px !important;}&#8221;][vc_column offset=&#8221;vc_col-lg-6 vc_col-md-6&#8243;][vc_column_text]I\u2019m Csanya, a trail runner and full time race organizer in Hungary. I simply love running. I adore being alone in the forest, run on the known and unknown paths. Following the footprints of deers and...\" \/>\n<meta property=\"og:url\" content=\"https:\/\/thecsanya.hu\/en\/about\/\" \/>\n<meta property=\"og:site_name\" content=\"TheCsanya\" \/>\n<meta property=\"article:modified_time\" content=\"2019-03-26T21:06:25+00:00\" \/>\n<meta property=\"og:image\" content=\"https:\/\/thecsanya.hu\/wp-content\/uploads\/2019\/03\/dawn-1845018_960_720.jpg\" \/>\n\t<meta property=\"og:image:width\" content=\"960\" \/>\n\t<meta property=\"og:image:height\" content=\"427\" \/>\n\t<meta property=\"og:image:type\" content=\"image\/jpeg\" \/>\n<meta name=\"twitter:card\" content=\"summary_large_image\" \/>\n<meta name=\"twitter:label1\" content=\"Est. reading time\" \/>\n\t<meta name=\"twitter:data1\" content=\"2 minutes\" \/>\n<script type=\"application\/ld+json\" class=\"yoast-schema-graph\">{\"@context\":\"https:\\\/\\\/schema.org\",\"@graph\":[{\"@type\":\"WebPage\",\"@id\":\"https:\\\/\\\/thecsanya.hu\\\/en\\\/about\\\/\",\"url\":\"https:\\\/\\\/thecsanya.hu\\\/en\\\/about\\\/\",\"name\":\"About me - TheCsanya\",\"isPartOf\":{\"@id\":\"https:\\\/\\\/thecsanya.hu\\\/#website\"},\"primaryImageOfPage\":{\"@id\":\"https:\\\/\\\/thecsanya.hu\\\/en\\\/about\\\/#primaryimage\"},\"image\":{\"@id\":\"https:\\\/\\\/thecsanya.hu\\\/en\\\/about\\\/#primaryimage\"},\"thumbnailUrl\":\"https:\\\/\\\/thecsanya.hu\\\/wp-content\\\/uploads\\\/2019\\\/03\\\/dawn-1845018_960_720.jpg\",\"datePublished\":\"2016-10-28T14:41:49+00:00\",\"dateModified\":\"2019-03-26T21:06:25+00:00\",\"breadcrumb\":{\"@id\":\"https:\\\/\\\/thecsanya.hu\\\/en\\\/about\\\/#breadcrumb\"},\"inLanguage\":\"en-US\",\"potentialAction\":[{\"@type\":\"ReadAction\",\"target\":[\"https:\\\/\\\/thecsanya.hu\\\/en\\\/about\\\/\"]}]},{\"@type\":\"ImageObject\",\"inLanguage\":\"en-US\",\"@id\":\"https:\\\/\\\/thecsanya.hu\\\/en\\\/about\\\/#primaryimage\",\"url\":\"https:\\\/\\\/thecsanya.hu\\\/wp-content\\\/uploads\\\/2019\\\/03\\\/dawn-1845018_960_720.jpg\",\"contentUrl\":\"https:\\\/\\\/thecsanya.hu\\\/wp-content\\\/uploads\\\/2019\\\/03\\\/dawn-1845018_960_720.jpg\",\"width\":960,\"height\":427},{\"@type\":\"BreadcrumbList\",\"@id\":\"https:\\\/\\\/thecsanya.hu\\\/en\\\/about\\\/#breadcrumb\",\"itemListElement\":[{\"@type\":\"ListItem\",\"position\":1,\"name\":\"Home\",\"item\":\"https:\\\/\\\/thecsanya.hu\\\/en\\\/\"},{\"@type\":\"ListItem\",\"position\":2,\"name\":\"About me\"}]},{\"@type\":\"WebSite\",\"@id\":\"https:\\\/\\\/thecsanya.hu\\\/#website\",\"url\":\"https:\\\/\\\/thecsanya.hu\\\/\",\"name\":\"TheCsanya\",\"description\":\"\",\"potentialAction\":[{\"@type\":\"SearchAction\",\"target\":{\"@type\":\"EntryPoint\",\"urlTemplate\":\"https:\\\/\\\/thecsanya.hu\\\/?s={search_term_string}\"},\"query-input\":{\"@type\":\"PropertyValueSpecification\",\"valueRequired\":true,\"valueName\":\"search_term_string\"}}],\"inLanguage\":\"en-US\"}]}<\/script>\n<!-- \/ Yoast SEO plugin. -->","yoast_head_json":{"title":"About me - TheCsanya","robots":{"index":"index","follow":"follow","max-snippet":"max-snippet:-1","max-image-preview":"max-image-preview:large","max-video-preview":"max-video-preview:-1"},"canonical":"https:\/\/thecsanya.hu\/en\/about\/","og_locale":"en_US","og_type":"article","og_title":"About me - TheCsanya","og_description":"[vc_row][vc_column][vc_empty_space height=&#8221;40px&#8221;][\/vc_column][\/vc_row][vc_row content_width=&#8221;grid&#8221; css=&#8221;.vc_custom_1478771657031{padding-top: 141px !important;padding-bottom: 90px !important;}&#8221;][vc_column offset=&#8221;vc_col-lg-6 vc_col-md-6&#8243;][vc_column_text]I\u2019m Csanya, a trail runner and full time race organizer in Hungary. I simply love running. I adore being alone in the forest, run on the known and unknown paths. Following the footprints of deers and...","og_url":"https:\/\/thecsanya.hu\/en\/about\/","og_site_name":"TheCsanya","article_modified_time":"2019-03-26T21:06:25+00:00","og_image":[{"width":960,"height":427,"url":"https:\/\/thecsanya.hu\/wp-content\/uploads\/2019\/03\/dawn-1845018_960_720.jpg","type":"image\/jpeg"}],"twitter_card":"summary_large_image","twitter_misc":{"Est. reading time":"2 minutes"},"schema":{"@context":"https:\/\/schema.org","@graph":[{"@type":"WebPage","@id":"https:\/\/thecsanya.hu\/en\/about\/","url":"https:\/\/thecsanya.hu\/en\/about\/","name":"About me - TheCsanya","isPartOf":{"@id":"https:\/\/thecsanya.hu\/#website"},"primaryImageOfPage":{"@id":"https:\/\/thecsanya.hu\/en\/about\/#primaryimage"},"image":{"@id":"https:\/\/thecsanya.hu\/en\/about\/#primaryimage"},"thumbnailUrl":"https:\/\/thecsanya.hu\/wp-content\/uploads\/2019\/03\/dawn-1845018_960_720.jpg","datePublished":"2016-10-28T14:41:49+00:00","dateModified":"2019-03-26T21:06:25+00:00","breadcrumb":{"@id":"https:\/\/thecsanya.hu\/en\/about\/#breadcrumb"},"inLanguage":"en-US","potentialAction":[{"@type":"ReadAction","target":["https:\/\/thecsanya.hu\/en\/about\/"]}]},{"@type":"ImageObject","inLanguage":"en-US","@id":"https:\/\/thecsanya.hu\/en\/about\/#primaryimage","url":"https:\/\/thecsanya.hu\/wp-content\/uploads\/2019\/03\/dawn-1845018_960_720.jpg","contentUrl":"https:\/\/thecsanya.hu\/wp-content\/uploads\/2019\/03\/dawn-1845018_960_720.jpg","width":960,"height":427},{"@type":"BreadcrumbList","@id":"https:\/\/thecsanya.hu\/en\/about\/#breadcrumb","itemListElement":[{"@type":"ListItem","position":1,"name":"Home","item":"https:\/\/thecsanya.hu\/en\/"},{"@type":"ListItem","position":2,"name":"About me"}]},{"@type":"WebSite","@id":"https:\/\/thecsanya.hu\/#website","url":"https:\/\/thecsanya.hu\/","name":"TheCsanya","description":"","potentialAction":[{"@type":"SearchAction","target":{"@type":"EntryPoint","urlTemplate":"https:\/\/thecsanya.hu\/?s={search_term_string}"},"query-input":{"@type":"PropertyValueSpecification","valueRequired":true,"valueName":"search_term_string"}}],"inLanguage":"en-US"}]}},"_links":{"self":[{"href":"https:\/\/thecsanya.hu\/en\/wp-json\/wp\/v2\/pages\/7959","targetHints":{"allow":["GET"]}}],"collection":[{"href":"https:\/\/thecsanya.hu\/en\/wp-json\/wp\/v2\/pages"}],"about":[{"href":"https:\/\/thecsanya.hu\/en\/wp-json\/wp\/v2\/types\/page"}],"author":[{"embeddable":true,"href":"https:\/\/thecsanya.hu\/en\/wp-json\/wp\/v2\/users\/1"}],"replies":[{"embeddable":true,"href":"https:\/\/thecsanya.hu\/en\/wp-json\/wp\/v2\/comments?post=7959"}],"version-history":[{"count":19,"href":"https:\/\/thecsanya.hu\/en\/wp-json\/wp\/v2\/pages\/7959\/revisions"}],"predecessor-version":[{"id":8445,"href":"https:\/\/thecsanya.hu\/en\/wp-json\/wp\/v2\/pages\/7959\/revisions\/8445"}],"wp:featuredmedia":[{"embeddable":true,"href":"https:\/\/thecsanya.hu\/en\/wp-json\/wp\/v2\/media\/7961"}],"wp:attachment":[{"href":"https:\/\/thecsanya.hu\/en\/wp-json\/wp\/v2\/media?parent=7959"}],"curies":[{"name":"wp","href":"https:\/\/api.w.org\/{rel}","templated":true}]}}