{"id":7962,"date":"2016-11-01T09:19:51","date_gmt":"2016-11-01T09:19:51","guid":{"rendered":"https:\/\/thecsanya.hu\/kapcsolat\/"},"modified":"2023-07-17T13:10:08","modified_gmt":"2023-07-17T13:10:08","slug":"contact","status":"publish","type":"page","link":"https:\/\/thecsanya.hu\/en\/contact\/","title":{"rendered":"CONTACT"},"content":{"rendered":"<div class=\"wpb-content-wrapper\"><p>[vc_row][vc_column][vc_empty_space height=&#8221;40px&#8221;]\n<div class=\"edgtf-section-title edgtf-section-align-center\" >\n\tCONTACT ME\t<\/div>\n<span class=\"edgtf-section-subtitle \" style=\"text-align:center\">\n\t\tCALL ME OR SEND A PACKAGE TO ME\t<\/span><div class=\"edgtf-separator-holder clearfix  edgtf-separator-center\">\n\t<div class=\"edgtf-separator\" style=\"border-color: #0079ea\"><\/div>\n<\/div>\n[vc_empty_space height=&#8221;80px&#8221;][\/vc_column][\/vc_row][vc_row content_width=&#8221;grid&#8221; css=&#8221;.vc_custom_1477993053091{padding-bottom: 100px !important;}&#8221;][vc_column css=&#8221;.vc_custom_1478774025570{padding-right: 9% !important;}&#8221; offset=&#8221;vc_col-lg-6 vc_col-md-6&#8243;][vc_empty_space height=&#8221;5px&#8221;][vc_empty_space height=&#8221;10px&#8221;][vc_column_text]If you send a massage I will try to answer asap.<br \/>\nIf you call me it could happen that I don&#8217;t pick up the phone but I promise to call you back.<br \/>\nIf you would like to send a package address it to Csanya Cs\u00e1nyi.[\/vc_column_text][vc_empty_space height=&#8221;20px&#8221;]<div class=\"edgtf-icon-list-item\">\n\t<div class=\"edgtf-icon-list-icon-holder\">\n        <div class=\"edgtf-icon-list-icon-holder-inner clearfix\">\n\t\t\t<i class=\"edgtf-icon-linear-icon lnr lnr-envelope \" style=\"color:#0079ea;font-size:15px\" ><\/i>\t\t<\/div>\n\t<\/div>\n\t<p class=\"edgtf-icon-list-text\" style=\"color:#000000;font-size:15px\" > hello@ultratrail.hu<\/p>\n<\/div>[vc_empty_space height=&#8221;15px&#8221;]<div class=\"edgtf-icon-list-item\">\n\t<div class=\"edgtf-icon-list-icon-holder\">\n        <div class=\"edgtf-icon-list-icon-holder-inner clearfix\">\n\t\t\t<i class=\"edgtf-icon-linear-icon lnr lnr-smartphone \" style=\"color:#0079ea;font-size:15px\" ><\/i>\t\t<\/div>\n\t<\/div>\n\t<p class=\"edgtf-icon-list-text\" style=\"color:#000000;font-size:15px\" > +36309927862<\/p>\n<\/div>[vc_empty_space height=&#8221;15px&#8221;]<div class=\"edgtf-icon-list-item\">\n\t<div class=\"edgtf-icon-list-icon-holder\">\n        <div class=\"edgtf-icon-list-icon-holder-inner clearfix\">\n\t\t\t<i class=\"edgtf-icon-linear-icon lnr lnr-map-marker \" style=\"color:#0079ea;font-size:15px\" ><\/i>\t\t<\/div>\n\t<\/div>\n\t<p class=\"edgtf-icon-list-text\" style=\"color:#000000;font-size:15px\" > 8316, Hungary, V\u00e1llus, R\u00e1k\u00f3czi u 1\/3<\/p>\n<\/div>[vc_empty_space height=&#8221;30px&#8221;][\/vc_column][vc_column offset=&#8221;vc_col-lg-6 vc_col-md-6&#8243;]\n<div class=\"wpcf7 no-js\" id=\"wpcf7-f2553-o1\" lang=\"en-US\" dir=\"ltr\" data-wpcf7-id=\"2553\">\n<div class=\"screen-reader-response\"><p role=\"status\" aria-live=\"polite\" aria-atomic=\"true\"><\/p> <ul><\/ul><\/div>\n<form action=\"\/en\/wp-json\/wp\/v2\/pages\/7962#wpcf7-f2553-o1\" method=\"post\" class=\"wpcf7-form init cf7_custom_style_1\" aria-label=\"Contact form\" novalidate=\"novalidate\" data-status=\"init\">\n<fieldset class=\"hidden-fields-container\"><input type=\"hidden\" name=\"_wpcf7\" value=\"2553\" \/><input type=\"hidden\" name=\"_wpcf7_version\" value=\"6.1.5\" \/><input type=\"hidden\" name=\"_wpcf7_locale\" value=\"en_US\" \/><input type=\"hidden\" name=\"_wpcf7_unit_tag\" value=\"wpcf7-f2553-o1\" \/><input type=\"hidden\" name=\"_wpcf7_container_post\" value=\"0\" \/><input type=\"hidden\" name=\"_wpcf7_posted_data_hash\" value=\"\" \/>\n<\/fieldset>\n<div class=\"edgtf-cf7-two-columns clearfix\">\n\t<div class=\"edgtf-cf7-two-columns-50-50-inner\">\n\t\t<div class=\"edgtf-cf7-column\">\n\t\t\t<div class=\"edgtf-cf7-column-inner\">\n\t\t\t\t<p><span class=\"wpcf7-form-control-wrap\" data-name=\"your-name\"><input size=\"40\" maxlength=\"400\" class=\"wpcf7-form-control wpcf7-text\" aria-invalid=\"false\" placeholder=\"N\u00e9v\/Name\" value=\"\" type=\"text\" name=\"your-name\" \/><\/span>\n\t\t\t\t<\/p>\n\t\t\t<\/div>\n\t\t<\/div>\n\t\t<div class=\"edgtf-cf7-column\">\n\t\t\t<div class=\"edgtf-cf7-column-inner\">\n\t\t\t\t<p><span class=\"wpcf7-form-control-wrap\" data-name=\"your-email\"><input size=\"40\" maxlength=\"400\" class=\"wpcf7-form-control wpcf7-text wpcf7-validates-as-required\" aria-required=\"true\" aria-invalid=\"false\" placeholder=\"Email*\" value=\"\" type=\"text\" name=\"your-email\" \/><\/span>\n\t\t\t\t<\/p>\n\t\t\t<\/div>\n\t\t<\/div>\n\t<\/div>\n<\/div>\n<div>\n\t<p><span class=\"wpcf7-form-control-wrap\" data-name=\"subject\"><input size=\"40\" maxlength=\"400\" class=\"wpcf7-form-control wpcf7-text wpcf7-validates-as-required\" aria-required=\"true\" aria-invalid=\"false\" placeholder=\"T\u00e1rgy\/Subject\" value=\"\" type=\"text\" name=\"subject\" \/><\/span>\n\t<\/p>\n<\/div>\n<div>\n\t<p><span class=\"wpcf7-form-control-wrap\" data-name=\"your-message\"><textarea cols=\"40\" rows=\"10\" maxlength=\"2000\" class=\"wpcf7-form-control wpcf7-textarea wpcf7-validates-as-required\" aria-required=\"true\" aria-invalid=\"false\" placeholder=\"\u00dczenet\/Message\" name=\"your-message\"><\/textarea><\/span>\n\t<\/p>\n<\/div>\n<div>\n\t<p><input class=\"wpcf7-form-control wpcf7-submit has-spinner\" type=\"submit\" value=\"K\u00fcld\u00e9s\/Send\" \/>\n\t<\/p>\n<\/div><div class=\"wpcf7-response-output\" aria-hidden=\"true\"><\/div>\n<\/form>\n<\/div>\n[\/vc_column][\/vc_row][vc_row][vc_column][vc_empty_space height=&#8221;40px&#8221;]<div class=\"edgtf-call-to-action edgtf-cta-simple\" style=\"color: #ffffff; background-color: #0079ea;padding: 40px 0 40px 0;\">\n\t\t\t<a class=\"edgtf-call-to-action-link\" href=\"https:\/\/thecsanya.hu\/en\/blog\/\" target=_self><\/a>\n\t\t<div class=\"edgtf-call-to-action-table\">\n\t\t\t\t\t<span class=\"edgtf-call-to-action-text edgtf-call-to-action-cell\" style=\"font-size: 16px\">\n\t\t\t\tGO TO THE BLOG\t\t\t<\/span>\n\t\t\t\t\t\t\t<span class=\"edgtf-call-to-action-icon edgtf-call-to-action-cell\">\n\t\t\t\t<span aria-hidden=\"true\" class=\"edgtf-icon-font-elegant arrow_right \" style=\"font-size: 20px\" ><\/span>\t\t\t<\/span>\n\t\t\t<\/div>\n<\/div>[\/vc_column][\/vc_row]<\/p>\n<\/div>","protected":false},"excerpt":{"rendered":"<p>[vc_row][vc_column][vc_empty_space height=&#8221;40px&#8221;][vc_empty_space height=&#8221;80px&#8221;][\/vc_column][\/vc_row][vc_row content_width=&#8221;grid&#8221; css=&#8221;.vc_custom_1477993053091{padding-bottom: 100px !important;}&#8221;][vc_column css=&#8221;.vc_custom_1478774025570{padding-right: 9% !important;}&#8221; offset=&#8221;vc_col-lg-6 vc_col-md-6&#8243;][vc_empty_space height=&#8221;5px&#8221;][vc_empty_space height=&#8221;10px&#8221;][vc_column_text]If you send a massage I will try to answer asap. If you call me it could happen that I don&#8217;t pick up the phone but I promise to call you back&#8230;.<\/p>\n","protected":false},"author":1,"featured_media":7964,"parent":0,"menu_order":0,"comment_status":"closed","ping_status":"closed","template":"full-width.php","meta":{"footnotes":""},"class_list":["post-7962","page","type-page","status-publish","has-post-thumbnail","hentry"],"yoast_head":"<!-- This site is optimized with the Yoast SEO plugin v27.4 - https:\/\/yoast.com\/product\/yoast-seo-wordpress\/ -->\n<title>CONTACT - TheCsanya<\/title>\n<meta name=\"robots\" content=\"index, follow, max-snippet:-1, max-image-preview:large, max-video-preview:-1\" \/>\n<link rel=\"canonical\" href=\"https:\/\/thecsanya.hu\/en\/contact\/\" \/>\n<meta property=\"og:locale\" content=\"en_US\" \/>\n<meta property=\"og:type\" content=\"article\" \/>\n<meta property=\"og:title\" content=\"CONTACT - TheCsanya\" \/>\n<meta property=\"og:description\" content=\"[vc_row][vc_column][vc_empty_space height=&#8221;40px&#8221;][vc_empty_space height=&#8221;80px&#8221;][\/vc_column][\/vc_row][vc_row content_width=&#8221;grid&#8221; css=&#8221;.vc_custom_1477993053091{padding-bottom: 100px !important;}&#8221;][vc_column css=&#8221;.vc_custom_1478774025570{padding-right: 9% !important;}&#8221; offset=&#8221;vc_col-lg-6 vc_col-md-6&#8243;][vc_empty_space height=&#8221;5px&#8221;][vc_empty_space height=&#8221;10px&#8221;][vc_column_text]If you send a massage I will try to answer asap. If you call me it could happen that I don&#8217;t pick up the phone but I promise to call you back....\" \/>\n<meta property=\"og:url\" content=\"https:\/\/thecsanya.hu\/en\/contact\/\" \/>\n<meta property=\"og:site_name\" content=\"TheCsanya\" \/>\n<meta property=\"article:modified_time\" content=\"2023-07-17T13:10:08+00:00\" \/>\n<meta property=\"og:image\" content=\"https:\/\/thecsanya.hu\/wp-content\/uploads\/2019\/03\/nature-527834_960_720.jpg\" \/>\n\t<meta property=\"og:image:width\" content=\"960\" \/>\n\t<meta property=\"og:image:height\" content=\"638\" \/>\n\t<meta property=\"og:image:type\" content=\"image\/jpeg\" \/>\n<meta name=\"twitter:card\" content=\"summary_large_image\" \/>\n<meta name=\"twitter:label1\" content=\"Est. reading time\" \/>\n\t<meta name=\"twitter:data1\" content=\"1 minute\" \/>\n<script type=\"application\/ld+json\" class=\"yoast-schema-graph\">{\"@context\":\"https:\\\/\\\/schema.org\",\"@graph\":[{\"@type\":\"WebPage\",\"@id\":\"https:\\\/\\\/thecsanya.hu\\\/en\\\/contact\\\/\",\"url\":\"https:\\\/\\\/thecsanya.hu\\\/en\\\/contact\\\/\",\"name\":\"CONTACT - TheCsanya\",\"isPartOf\":{\"@id\":\"https:\\\/\\\/thecsanya.hu\\\/#website\"},\"primaryImageOfPage\":{\"@id\":\"https:\\\/\\\/thecsanya.hu\\\/en\\\/contact\\\/#primaryimage\"},\"image\":{\"@id\":\"https:\\\/\\\/thecsanya.hu\\\/en\\\/contact\\\/#primaryimage\"},\"thumbnailUrl\":\"https:\\\/\\\/thecsanya.hu\\\/wp-content\\\/uploads\\\/2019\\\/03\\\/nature-527834_960_720.jpg\",\"datePublished\":\"2016-11-01T09:19:51+00:00\",\"dateModified\":\"2023-07-17T13:10:08+00:00\",\"breadcrumb\":{\"@id\":\"https:\\\/\\\/thecsanya.hu\\\/en\\\/contact\\\/#breadcrumb\"},\"inLanguage\":\"en-US\",\"potentialAction\":[{\"@type\":\"ReadAction\",\"target\":[\"https:\\\/\\\/thecsanya.hu\\\/en\\\/contact\\\/\"]}]},{\"@type\":\"ImageObject\",\"inLanguage\":\"en-US\",\"@id\":\"https:\\\/\\\/thecsanya.hu\\\/en\\\/contact\\\/#primaryimage\",\"url\":\"https:\\\/\\\/thecsanya.hu\\\/wp-content\\\/uploads\\\/2019\\\/03\\\/nature-527834_960_720.jpg\",\"contentUrl\":\"https:\\\/\\\/thecsanya.hu\\\/wp-content\\\/uploads\\\/2019\\\/03\\\/nature-527834_960_720.jpg\",\"width\":960,\"height\":638},{\"@type\":\"BreadcrumbList\",\"@id\":\"https:\\\/\\\/thecsanya.hu\\\/en\\\/contact\\\/#breadcrumb\",\"itemListElement\":[{\"@type\":\"ListItem\",\"position\":1,\"name\":\"Home\",\"item\":\"https:\\\/\\\/thecsanya.hu\\\/en\\\/\"},{\"@type\":\"ListItem\",\"position\":2,\"name\":\"CONTACT\"}]},{\"@type\":\"WebSite\",\"@id\":\"https:\\\/\\\/thecsanya.hu\\\/#website\",\"url\":\"https:\\\/\\\/thecsanya.hu\\\/\",\"name\":\"TheCsanya\",\"description\":\"\",\"potentialAction\":[{\"@type\":\"SearchAction\",\"target\":{\"@type\":\"EntryPoint\",\"urlTemplate\":\"https:\\\/\\\/thecsanya.hu\\\/?s={search_term_string}\"},\"query-input\":{\"@type\":\"PropertyValueSpecification\",\"valueRequired\":true,\"valueName\":\"search_term_string\"}}],\"inLanguage\":\"en-US\"}]}<\/script>\n<!-- \/ Yoast SEO plugin. -->","yoast_head_json":{"title":"CONTACT - TheCsanya","robots":{"index":"index","follow":"follow","max-snippet":"max-snippet:-1","max-image-preview":"max-image-preview:large","max-video-preview":"max-video-preview:-1"},"canonical":"https:\/\/thecsanya.hu\/en\/contact\/","og_locale":"en_US","og_type":"article","og_title":"CONTACT - TheCsanya","og_description":"[vc_row][vc_column][vc_empty_space height=&#8221;40px&#8221;][vc_empty_space height=&#8221;80px&#8221;][\/vc_column][\/vc_row][vc_row content_width=&#8221;grid&#8221; css=&#8221;.vc_custom_1477993053091{padding-bottom: 100px !important;}&#8221;][vc_column css=&#8221;.vc_custom_1478774025570{padding-right: 9% !important;}&#8221; offset=&#8221;vc_col-lg-6 vc_col-md-6&#8243;][vc_empty_space height=&#8221;5px&#8221;][vc_empty_space height=&#8221;10px&#8221;][vc_column_text]If you send a massage I will try to answer asap. If you call me it could happen that I don&#8217;t pick up the phone but I promise to call you back....","og_url":"https:\/\/thecsanya.hu\/en\/contact\/","og_site_name":"TheCsanya","article_modified_time":"2023-07-17T13:10:08+00:00","og_image":[{"width":960,"height":638,"url":"https:\/\/thecsanya.hu\/wp-content\/uploads\/2019\/03\/nature-527834_960_720.jpg","type":"image\/jpeg"}],"twitter_card":"summary_large_image","twitter_misc":{"Est. reading time":"1 minute"},"schema":{"@context":"https:\/\/schema.org","@graph":[{"@type":"WebPage","@id":"https:\/\/thecsanya.hu\/en\/contact\/","url":"https:\/\/thecsanya.hu\/en\/contact\/","name":"CONTACT - TheCsanya","isPartOf":{"@id":"https:\/\/thecsanya.hu\/#website"},"primaryImageOfPage":{"@id":"https:\/\/thecsanya.hu\/en\/contact\/#primaryimage"},"image":{"@id":"https:\/\/thecsanya.hu\/en\/contact\/#primaryimage"},"thumbnailUrl":"https:\/\/thecsanya.hu\/wp-content\/uploads\/2019\/03\/nature-527834_960_720.jpg","datePublished":"2016-11-01T09:19:51+00:00","dateModified":"2023-07-17T13:10:08+00:00","breadcrumb":{"@id":"https:\/\/thecsanya.hu\/en\/contact\/#breadcrumb"},"inLanguage":"en-US","potentialAction":[{"@type":"ReadAction","target":["https:\/\/thecsanya.hu\/en\/contact\/"]}]},{"@type":"ImageObject","inLanguage":"en-US","@id":"https:\/\/thecsanya.hu\/en\/contact\/#primaryimage","url":"https:\/\/thecsanya.hu\/wp-content\/uploads\/2019\/03\/nature-527834_960_720.jpg","contentUrl":"https:\/\/thecsanya.hu\/wp-content\/uploads\/2019\/03\/nature-527834_960_720.jpg","width":960,"height":638},{"@type":"BreadcrumbList","@id":"https:\/\/thecsanya.hu\/en\/contact\/#breadcrumb","itemListElement":[{"@type":"ListItem","position":1,"name":"Home","item":"https:\/\/thecsanya.hu\/en\/"},{"@type":"ListItem","position":2,"name":"CONTACT"}]},{"@type":"WebSite","@id":"https:\/\/thecsanya.hu\/#website","url":"https:\/\/thecsanya.hu\/","name":"TheCsanya","description":"","potentialAction":[{"@type":"SearchAction","target":{"@type":"EntryPoint","urlTemplate":"https:\/\/thecsanya.hu\/?s={search_term_string}"},"query-input":{"@type":"PropertyValueSpecification","valueRequired":true,"valueName":"search_term_string"}}],"inLanguage":"en-US"}]}},"_links":{"self":[{"href":"https:\/\/thecsanya.hu\/en\/wp-json\/wp\/v2\/pages\/7962","targetHints":{"allow":["GET"]}}],"collection":[{"href":"https:\/\/thecsanya.hu\/en\/wp-json\/wp\/v2\/pages"}],"about":[{"href":"https:\/\/thecsanya.hu\/en\/wp-json\/wp\/v2\/types\/page"}],"author":[{"embeddable":true,"href":"https:\/\/thecsanya.hu\/en\/wp-json\/wp\/v2\/users\/1"}],"replies":[{"embeddable":true,"href":"https:\/\/thecsanya.hu\/en\/wp-json\/wp\/v2\/comments?post=7962"}],"version-history":[{"count":17,"href":"https:\/\/thecsanya.hu\/en\/wp-json\/wp\/v2\/pages\/7962\/revisions"}],"predecessor-version":[{"id":10501,"href":"https:\/\/thecsanya.hu\/en\/wp-json\/wp\/v2\/pages\/7962\/revisions\/10501"}],"wp:featuredmedia":[{"embeddable":true,"href":"https:\/\/thecsanya.hu\/en\/wp-json\/wp\/v2\/media\/7964"}],"wp:attachment":[{"href":"https:\/\/thecsanya.hu\/en\/wp-json\/wp\/v2\/media?parent=7962"}],"curies":[{"name":"wp","href":"https:\/\/api.w.org\/{rel}","templated":true}]}}